{"id":2,"date":"2016-05-10T03:48:21","date_gmt":"2016-05-10T03:48:21","guid":{"rendered":"https:\/\/kh-tanz.de\/?page_id=2"},"modified":"2022-09-17T14:43:56","modified_gmt":"2022-09-17T14:43:56","slug":"sample-page","status":"publish","type":"page","link":"https:\/\/kh-tanz.de\/?page_id=2","title":{"rendered":"aktuelle Kurse"},"content":{"rendered":"\n<p class=\"has-foreground-color has-background-background-color has-text-color has-background\">Zur Zeit leite ich folgenden Tanzkurse an:<br><br>Freitags<br>in den R\u00e4umen von Happy Kids D\u00fcsseldorf (Achenbachstr. 148, 40237 D\u00fcsseldorf)<br><br>15:20 &#8211; Ballett f\u00fcr 5-6 j\u00e4hrige Kinder<br>16:20 &#8211; Ballett f\u00fcr 7-8 j\u00e4hrige Kinder<br>17:30 &#8211; Ballett f\u00fcr 9-10 j\u00e4hrige Kinder<br><br>mehr zu den R\u00e4umen: <a rel=\"noreferrer noopener\" href=\"https:\/\/happykids-agentur.de\" target=\"_blank\">https:\/\/happykids-agentur.de<\/a><br><br><\/p>\n\n\n\n<p>Jedes Kind bewegt sich gern. Und das noch lieber zu Musik! Tanz und speziell Ballett schult Koordination, Haltung, Beweglichkeit, Musikalit\u00e4t und st\u00e4rkt das Selbstbewusstsein.<br>In meinen Kursen werden die Kinder spielerisch und mit viel Freude und Fantasie an den klassischen Tanz herangef\u00fchrt. Es werden erste Ballettschritte erlernt und t\u00e4nzerische \u00dcbungen erarbeitet. Daneben kommt auch die kreative t\u00e4nzerische Entfaltung jedes einzelnen Kindes nicht zu kurz.<br>F\u00fcr alle Altersgruppen gibt es immer wieder freie Pl\u00e4tze. Sprechen Sie mich an, um an einer kostenlosen Probestunde teilzunehmen!<br>.<\/p>\n","protected":false},"excerpt":{"rendered":"<p>Zur Zeit leite ich folgenden Tanzkurse an: Freitagsin den R\u00e4umen von Happy Kids D\u00fcsseldorf (Achenbachstr. 148, 40237 D\u00fcsseldorf) 15:20 &#8211; Ballett f\u00fcr 5-6 j\u00e4hrige Kinder16:20 &#8211; Ballett f\u00fcr 7-8 j\u00e4hrige Kinder17:30 &#8211; Ballett f\u00fcr 9-10 j\u00e4hrige Kinder mehr zu den R\u00e4umen: https:\/\/happykids-agentur.de Jedes Kind bewegt sich gern. Und das noch lieber zu Musik! Tanz und [&hellip;]<\/p>\n","protected":false},"author":1,"featured_media":0,"parent":0,"menu_order":0,"comment_status":"closed","ping_status":"open","template":"","meta":[],"_links":{"self":[{"href":"https:\/\/kh-tanz.de\/index.php?rest_route=\/wp\/v2\/pages\/2"}],"collection":[{"href":"https:\/\/kh-tanz.de\/index.php?rest_route=\/wp\/v2\/pages"}],"about":[{"href":"https:\/\/kh-tanz.de\/index.php?rest_route=\/wp\/v2\/types\/page"}],"author":[{"embeddable":true,"href":"https:\/\/kh-tanz.de\/index.php?rest_route=\/wp\/v2\/users\/1"}],"replies":[{"embeddable":true,"href":"https:\/\/kh-tanz.de\/index.php?rest_route=%2Fwp%2Fv2%2Fcomments&post=2"}],"version-history":[{"count":5,"href":"https:\/\/kh-tanz.de\/index.php?rest_route=\/wp\/v2\/pages\/2\/revisions"}],"predecessor-version":[{"id":43,"href":"https:\/\/kh-tanz.de\/index.php?rest_route=\/wp\/v2\/pages\/2\/revisions\/43"}],"wp:attachment":[{"href":"https:\/\/kh-tanz.de\/index.php?rest_route=%2Fwp%2Fv2%2Fmedia&parent=2"}],"curies":[{"name":"wp","href":"https:\/\/api.w.org\/{rel}","templated":true}]}}